{"id":473,"date":"2020-12-08T14:47:38","date_gmt":"2020-12-08T14:47:38","guid":{"rendered":"https:\/\/polonius-coaching.de\/?page_id=473"},"modified":"2020-12-08T15:22:13","modified_gmt":"2020-12-08T15:22:13","slug":"datenschutz-2","status":"publish","type":"page","link":"https:\/\/polonius-coaching.de\/en\/datenschutz-2","title":{"rendered":"Datenschutz"},"content":{"rendered":"<div id=\"coaching\" class=\"vc-row-wrapper equal-height-columns mobile-destroy-equal-heights vc-row-destroy-equal-heights-69fca44d2c563 aligh-content-verticaly\"  data-resolution=\"800\"data-parallax_sense=\"30\" data-anchor=\"section-coaching\"><div class=\"wpb_row row\" >\n\t<div class=\"eight columns vc-column-extra-class-69fca44d2ca67\" data-parallax_sense=\"30\">\n\t\t<div class=\"wpb_wrapper\">\n\t\t\t<div class=\"dfd-spacer-module\"  data-units=\"px\" data-wide_resolution=\"1280\" data-wide_size=\"300\" data-normal_resolution=\"1024\" data-normal_size=\"\" data-tablet_resolution=\"800\" data-tablet_size=\"\" data-mobile_resolution=\"480\" data-mobile_size=\"\" style=\"height: 300px;\"><\/div>\n\t<div class=\"wpb_text_column wpb_content_element\" >\n\t\t<div class=\"wpb_wrapper\">\n\t\t\t<h3 style=\"text-align: left;\"><span style=\"color: #8c557f;\">Datenschutz<\/span><\/h3>\n<p>&nbsp;<\/p>\n<p><span style=\"color: #191919;\"><strong>Allgemeine Hinweise<\/strong><\/span><\/p>\n<p><span style=\"color: #191919;\">Die folgenden Hinweise geben einen einfachen \u00dcberblick dar\u00fcber, was mit Ihren personenbezogenen Daten passiert, wenn Sie unsere Website besuchen. Personenbezogene Daten sind alle Daten, mit denen Sie pers\u00f6nlich identifiziert werden k\u00f6nnen.<\/span><\/p>\n<p><span style=\"color: #191919;\"><strong>Kontaktdaten des Verantwortlichen f\u00fcr die Datenverarbeitung auf dieser Website<\/strong><\/span><\/p>\n<p><span style=\"color: #191919;\">Kim Polonius<\/span><br \/>\n<span style=\"color: #191919;\">Kirchenweg 5<\/span><br \/>\n<span style=\"color: #191919;\">82343 P\u00f6cking<\/span><\/p>\n<p><span style=\"color: #191919;\">+49 179\u2009\/\u2009568 55 44<\/span><br \/>\n<a href=\"mailto:kim@polonius-coaching.de\"><span style=\"color: #191919;\">kim@polonius-coaching.de<\/span><\/a><\/p>\n<p><span style=\"color: #8c557f;\"><a style=\"color: #8c557f;\" href=\"https:\/\/polonius-coaching.de\/en\/\">www.polonius-coaching.de<\/a><\/span><\/p>\n<p><span style=\"color: #191919;\"><strong>III. Wie erfassen wir Ihre Daten und zu welchem Zweck und auf welcher Rechtsgrundlage werden sie verwendet?<\/strong><\/span><\/p>\n<p><span style=\"color: #191919;\">Ihre Daten werden zum einen dadurch erhoben, dass Sie uns diese mitteilen. Hierbei kann es sich z.B. um Daten handeln, die Sie in ein Kontaktformular eingeben oder in eine Mail schreiben.<\/span><\/p>\n<p><span style=\"color: #191919;\"><strong>Besuch der Website<\/strong><\/span><\/p>\n<p><span style=\"color: #191919;\">Beim Besuch der Website werden durch unsere IT-Systeme automatisch Informationen durch den auf Ihrem Endger\u00e4t zum Einsatz kommenden Browser erfasst. Das sind vor allem technische Daten (z.B. Internetbrowser, Betriebssystem oder Uhrzeit des Seitenaufrufs). Diese Informationen werden ohne Ihr Zutun erfasst und bis zur automatisierten L\u00f6schung gespeichert.<\/span><\/p>\n<p><span style=\"color: #191919;\">Die genannten Daten werden erhoben, um eine fehlerfreie Bereitstellung der Website zu gew\u00e4hrleisten oder zur Analyse Ihres Nutzerverhaltens.<\/span><\/p>\n<p><span style=\"color: #191919;\">Die Rechtsgrundlage f\u00fcr die Datenverarbeitung ist Art. 6 Abs. 1 S. 1 lit. f DSGVO. Unser berechtigtes Interesse folgt aus<\/span><\/p>\n<p><span style=\"color: #191919;\"><strong>Wenn Sie mit uns in Kontakt treten<\/strong><\/span><\/p>\n<p><span style=\"color: #191919;\">Bei Fragen jeglicher Art bieten wir Ihnen die M\u00f6glichkeit, mit uns \u00fcber den Link auf unsere E-Mail-Adresse Kontakt aufzunehmen. Dabei ist die Angabe einer g\u00fcltigen E-Mail-Adresse erforderlich, damit wir wissen, von wem die Anfrage stammt und um diese beantworten zu k\u00f6nnen. Weitere Angaben k\u00f6nnen freiwillig get\u00e4tigt werden.<\/span><\/p>\n<p><span style=\"color: #191919;\">Die Datenverarbeitung zum Zweck der Kontaktaufnahme mit uns erfolgt nach Art. 6 Abs. 1 lit. a DSGVO auf Grundlage Ihrer freiwillig erteilten Einwilligung.<\/span><\/p>\n<p><span style=\"color: #191919;\"><strong>Kategorien von Empf\u00e4ngern von personenbezogenen Daten<\/strong><\/span><\/p>\n<p><span style=\"color: #191919;\">Wir bedienen uns zur Erf\u00fcllung unserer vertraglichen und gesetzlichen Pflichten auch externer Dienstleister, insbesondere als Auftragsverarbeiter (z. B. IT-Dienstleister).<\/span><\/p>\n<p><span style=\"color: #191919;\">Dar\u00fcber hinaus \u00fcbermitteln wir personenbezogene Daten zur Erf\u00fcllung gesetzlicher Pflichten an andere Beh\u00f6rden und Gerichte<\/span><\/p>\n<p><span style=\"color: #191919;\"><strong>Dauer der Speicherung der personenbezogenen Daten<\/strong><\/span><\/p>\n<p><span style=\"color: #191919;\">Ihre Daten werden nur so lange gespeichert, wie dies unter Beachtung gesetzlicher Aufbewahrungsfristen zur Aufgabenerf\u00fcllung erforderlich ist.<\/span><\/p>\n<p><span style=\"color: #191919;\"><strong>Welche Rechte haben Sie bez\u00fcglich Ihrer Daten?<\/strong><\/span><\/p>\n<p><span style=\"color: #191919;\">Soweit wir von Ihnen personenbezogene Daten verarbeiten, stehen Ihnen als Betroffene\/r nachfolgende Rechte zu:<\/span><\/p>\n<p><span style=\"color: #191919;\">Werden Ihre personenbezogenen Daten verarbeitet, so haben Sie das Recht, Auskunft \u00fcber die zu Ihrer Person gespeicherten Daten zu erhalten (Art. 15 DSGVO).<\/span><\/p>\n<p><span style=\"color: #191919;\">Sollten unrichtige personenbezogene Daten verarbeitet werden, steht Ihnen ein Recht auf Berichtigung zu (Art. 16 DSGVO).<\/span><\/p>\n<p><span style=\"color: #191919;\">Liegen die gesetzlichen Voraussetzungen vor, so k\u00f6nnen Sie die L\u00f6schung oder Einschr\u00e4nkung der Verarbeitung verlangen (Art. 17 und 18 DSGVO).<\/span><\/p>\n<p><span style=\"color: #191919;\">Sie haben das Recht, aus Gr\u00fcnden, die sich aus Ihrer besonderen Situation ergeben, jederzeit gegen die Verarbeitung Sie betreffender personenbezogener Daten, Widerspruch einzulegen (Art. 21 DSGVO).<\/span><\/p>\n<p><span style=\"color: #191919;\">Wenn Sie in die Verarbeitung eingewilligt haben oder ein Vertrag zur Datenverarbeitung besteht und die Datenverarbeitung mithilfe automatisierter Verfahren durchgef\u00fchrt wird, steht Ihnen gegebenenfalls ein Recht auf Daten\u00fcbertragbarkeit zu (Art. 20 DSGVO).<\/span><\/p>\n<p><span style=\"color: #191919;\">Widerrufsrecht bei Einwilligung: Falls Sie in die Verarbeitung eingewilligt haben und die Verarbeitung auf dieser Einwilligung beruht, k\u00f6nnen Sie die Einwilligung jederzeit f\u00fcr die<\/span><\/p>\n<p><span style=\"color: #191919;\">Zukunft widerrufen. Die Rechtm\u00e4\u00dfigkeit der aufgrund der Einwilligung bis zum Widerruf erfolgten Datenverarbeitung wird durch diesen nicht ber\u00fchrt.<\/span><\/p>\n<p><span style=\"color: #191919;\"><strong>VII. Beschwerderecht bei der zust\u00e4ndigen Aufsichtsbeh\u00f6rde<\/strong><\/span><\/p>\n<p><span style=\"color: #191919;\">Aufsichtsbeh\u00f6rde<\/span><br \/>\n<span style=\"color: #191919;\">Landesamt f\u00fcr Datenschutzaufsicht<\/span><br \/>\n<span style=\"color: #191919;\">Promenade 27 (Schloss)<\/span><br \/>\n<span style=\"color: #191919;\">91522 Ansbach<\/span><\/p>\n<p><span style=\"color: #191919;\">Telefon: 0981\/53-1300<\/span><br \/>\n<span style=\"color: #191919;\">Telefax: 0981\/53-5300<\/span><\/p>\n<p><span style=\"color: #191919;\">E-Mail:<span style=\"color: #8c557f;\"> <a style=\"color: #8c557f;\" href=\"mailto:poststelle@lda.bayern.de\">poststelle@lda.bayern.de<\/a><\/span><\/span><br \/>\n<span style=\"color: #191919;\">(<a style=\"color: #191919;\" href=\"https:\/\/www.lda.bayern.de\/de\/kontakt.html\">PGP Key<\/a>)<\/span><\/p>\n<p><span style=\"color: #191919;\">Homepage:<\/span><br \/>\n<span style=\"color: #8c557f;\"><a style=\"color: #8c557f;\" href=\"https:\/\/www.lda.bayern.de\/\">https:\/\/www.lda.bayern.de<\/a><\/span><\/p>\n<p><span style=\"color: #191919;\"><strong>1. Spezielle Hinweise f\u00fcr dieses Internetangebot<br \/>\n2. <\/strong><strong>Analyse-Tools und Tools von Drittanbietern<\/strong><\/span><\/p>\n<p><span style=\"color: #191919;\">Beim Besuch unserer Website kann Ihr Surf-Verhalten statistisch ausgewertet werden. Das geschieht vor allem mit Cookies und mit sogenannten Analyseprogrammen. Die Analyse Ihres Surf-Verhaltens erfolgt in der Regel anonym; das Surf-Verhalten kann nicht zu Ihnen zur\u00fcckverfolgt werden. Sie k\u00f6nnen dieser Analyse widersprechen oder sie durch die Nichtbenutzung bestimmter Tools verhindern.<br \/>\n<\/span><\/p>\n<p><strong style=\"color: #191919;\">1. SSL- bzw. TLS-Verschl\u00fcsselung<\/strong><\/p>\n<p><span style=\"color: #191919;\">Diese Seite nutzt aus Sicherheitsgr\u00fcnden und zum Schutz der \u00dcbertragung vertraulicher Inhalte, wie zum Beispiel Bestellungen oder Anfragen, die Sie an uns als Seitenbetreiber senden, eine SSL-bzw. TLS-Verschl\u00fcsselung. Eine verschl\u00fcsselte Verbindung erkennen Sie daran, dass die Adresszeile des Browsers von \u201chttp:\/\/\u201d auf \u201chttps:\/\/\u201d wechselt und an dem Schloss-Symbol in Ihrer Browserzeile. Wenn die SSL- bzw. TLS-Verschl\u00fcsselung aktiviert ist, k\u00f6nnen die Daten, die Sie an uns \u00fcbermitteln, nicht von Dritten mitgelesen werden.<\/span><\/p>\n<p><span style=\"color: #191919;\"><strong>III. Protokollierung<\/strong><\/span><\/p>\n<p><span style=\"color: #191919;\">Wenn Sie diese oder andere Internetseiten aufrufen, \u00fcbermitteln Sie \u00fcber Ihren Internetbrowser Daten an den Webserver. Folgende Daten werden w\u00e4hrend einer laufenden Verbindung zur Kommunikation zwischen Ihrem Browser und dem Webserver aufgezeichnet:<\/span><\/p>\n<p><span style=\"color: #191919;\">\u2013\u00a0 Datum und Uhrzeit der Anforderung<\/span><br \/>\n<span style=\"color: #191919;\">\u2013\u00a0 verwendete Webbrowser &amp; verwendetes Betriebssystem<\/span><br \/>\n<span style=\"color: #191919;\">\u2013\u00a0 Name der angeforderten Datei<\/span><br \/>\n<span style=\"color: #191919;\">\u2013\u00a0 Seite, von der aus die Datei angefordert wurde<\/span><br \/>\n<span style=\"color: #191919;\">\u2013\u00a0 komplette IP-Adresse des Rechners<\/span><br \/>\n<span style=\"color: #191919;\">\u2013 \u00a0Zugriffsstatus (Datei \u00fcbertragen, etc.)<\/span><br \/>\n<span style=\"color: #191919;\">\u2013 \u00a0\u00fcbertragene Datenmenge.<\/span><\/p>\n<p><span style=\"color: #191919;\">Aus Gr\u00fcnden der technischen Sicherheit, insbesondere zur Abwehr von Angriffsversuchen auf den Webserver, werden diese Daten gespeichert. Nach sp\u00e4testens sieben Tagen werden die Daten durch Verk\u00fcrzung der IP-Adresse auf Domain-Ebene anonymisiert, so dass es nicht mehr m\u00f6glich ist, einen Bezug auf einzelne Nutzer herzustellen. Die Daten werden ausschlie\u00dflich zu diesem Zweck und in anonymisierter Form zu statistischen Zwecken verarbeitet; ein Abgleich mit anderen Datenbest\u00e4nden oder eine Weitergabe an Dritte, auch in Ausz\u00fcgen, findet nicht statt.<\/span><\/p>\n<p><span style=\"color: #191919;\"><strong>Cookies<\/strong><\/span><\/p>\n<p><span style=\"color: #191919;\">Die Internetseiten verwenden teilweise so genannte Cookies. Cookies richten auf Ihrem Rechner keinen Schaden an und enthalten keine Viren. Cookies dienen dazu, unser Angebot nutzerfreundlicher, effektiver und sicherer zu machen. Cookies sind kleine Textdateien, die auf Ihrem Rechner abgelegt werden und die Ihr Browser speichert.<\/span><\/p>\n<p><span style=\"color: #191919;\">Die meisten der von uns verwendeten Cookies sind so genannte \u201cSession-Cookies\u201d. Sie werden nach Ende Ihres Besuchs automatisch gel\u00f6scht. Andere Cookies bleiben auf Ihrem Endger\u00e4t gespeichert bis Sie diese l\u00f6schen. Diese Cookies erm\u00f6glichen es uns, Ihren Browser beim n\u00e4chsten Besuch wiederzuerkennen.<\/span><\/p>\n<p><span style=\"color: #191919;\">Sie k\u00f6nnen Ihren Browser so einstellen, dass Sie \u00fcber das Setzen von Cookies informiert werden und Cookies nur im Einzelfall erlauben, die Annahme von Cookies f\u00fcr bestimmte F\u00e4lle oder generell ausschlie\u00dfen sowie das automatische L\u00f6schen der Cookies beim Schlie\u00dfen des Browser aktivieren. Bei der Deaktivierung von Cookies kann die Funktionalit\u00e4t dieser Website eingeschr\u00e4nkt sein.<\/span><\/p>\n<p><span style=\"color: #191919;\">Cookies, die zur Durchf\u00fchrung des elektronischen Kommunikationsvorgangs oder zur Bereitstellung bestimmter, von Ihnen erw\u00fcnschter Funktionen (z.B. Warenkorbfunktion) erforderlich sind, werden auf Grundlage von Art. 6 Abs. 1 lit. f DSGVO gespeichert. Der Websitebetreiber hat ein berechtigtes Interesse an der Speicherung von Cookies zur technisch fehlerfreien und optimierten Bereitstellung seiner Dienste. Soweit andere Cookies (z.B. Cookies zur Analyse Ihres Surfverhaltens) gespeichert werden, werden diese in dieser Datenschutzerkl\u00e4rung gesondert behandelt.<\/span><\/p>\n<p><strong><div data-borlabs-cookie-wrap=\"inline\" class=\"left\">\n    <div data-borlabs-cookie>\n        <p class=\"borlabsCookieHeadline\">Cookie-Einstellung<\/p>\n        <div data-borlabs-selection>\n            <p class=\"borlabsCookieExplanation\">Bitte treffen Sie eine Auswahl. Weitere Informationen zu den Auswirkungen Ihrer Auswahl finden Sie unter <span data-borlabs-cookie-help-link>Hilfe<\/span>.<\/p>\n            <div data-borlabs-selection-list>\n                <ul>\n                    <li class=\"cookieOption1\"><label for=\"borlabsCookieInlineOptionAll\"><input id=\"borlabsCookieInlineOptionAll\" type=\"radio\" name=\"cookieOption\" value=\"all\">Alle Cookies zulassen<\/label><\/li>\n                                        <li class=\"cookieOption2\"><label for=\"borlabsCookieInlineOptionFirstParty\"><input id=\"borlabsCookieInlineOptionFirstParty\" type=\"radio\" name=\"cookieOption\" value=\"first-party\">Nur First-Party-Cookies zulassen<\/label><\/li>\n                                        <li class=\"cookieOption3\"><label for=\"borlabsCookieInlineOptionRejectAll\"><input id=\"borlabsCookieInlineOptionRejectAll\" type=\"radio\" name=\"cookieOption\" value=\"reject-all\">Keine Cookies zulassen<\/label><\/li>\n                                    <\/ul>\n                <div data-borlabs-selection-success>\n                    <p class=\"borlabsCookieSuccess\">Ihre Auswahl wurde gespeichert!<\/p>\n                <\/div>\n            <\/div>\n            <p class=\"borlabsCookieText\" data-borlabs-cookie-help-link>Hilfe<\/p>\n        <\/div>\n        <div data-borlabs-help>\n            <p class=\"borlabsCookieSubHeadline\">Hilfe<\/p>\n            <p>Um fortfahren zu k\u00f6nnen, m\u00fcssen Sie eine Cookie-Auswahl treffen. Nachfolgend erhalten Sie eine Erl\u00e4uterung der verschiedenen Optionen und ihrer Bedeutung.<\/p>\n            <ul>\n                <li><span>Alle Cookies zulassen<\/span>:<br>Jedes Cookie wie z.B. Tracking- und Analytische-Cookies.<\/li>\n                                <li><span>Nur First-Party-Cookies zulassen<\/span>:<br>Nur Cookies von dieser Webseite.<\/li>\n                                <li><span>Keine Cookies zulassen<\/span>:<br>Es werden keine Cookies gesetzt, es sei denn, es handelt sich um technisch notwendige Cookies.<\/li>\n                            <\/ul>\n            <p>Sie k\u00f6nnen Ihre Cookie-Einstellung jederzeit hier \u00e4ndern: <a href=\"https:\/\/polonius-coaching.de\/en\/datenschutz\/\">Datenschutz<\/a>. <a href=\"https:\/\/polonius-coaching.de\/en\/impressum\/\">Impressum<\/a><\/p>\n            <p class=\"borlabsCookieText\" data-borlabs-cookie-help-link>Zur\u00fcck<\/p>\n        <\/div>\n    <\/div>\n<\/div><\/strong><\/p>\n\n\t\t<\/div> \n\t<\/div> <div class=\"dfd-spacer-module\"  data-units=\"px\" data-wide_resolution=\"1280\" data-wide_size=\"100\" data-normal_resolution=\"1024\" data-normal_size=\"30\" data-tablet_resolution=\"800\" data-tablet_size=\"20\" data-mobile_resolution=\"480\" data-mobile_size=\"\" style=\"height: 100px;\"><\/div>\n\t\t<\/div> \n\t<\/div> \n\n\t<div class=\"four columns vc-column-extra-class-69fca44d2d207\" data-parallax_sense=\"30\">\n\t\t<div class=\"wpb_wrapper\">\n\t\t\t\n\t\t<\/div> \n\t<\/div> \n<\/div><div class=\"dfd-row-bg-overlay\" style=\"opacity: 0.8;\"><\/div><script type=\"text\/javascript\">(function($) {$(\"head\").append(\"<style>@media (min-width: 800px) and (max-width: 800px) {.vc-row-destroy-equal-heights-69fca44d2c563.aligh-content-verticaly.mobile-destroy-equal-heights .dfd-vertical-aligned {top: 0;-webkit-transform: translateY(0);-moz-transform: translateY(0);-o-transform: translateY(0); transform: translateY(0);}.vc-row-destroy-equal-heights-69fca44d2c563.vc-row-wrapper.equal-height-columns > .fp-tableCell > .fp-scrollable > .fp-scroller > .row > .columns,.vc-row-destroy-equal-heights-69fca44d2c563.vc-row-wrapper.equal-height-columns > .fp-tableCell > .fp-scrollable > .row > .columns,.vc-row-destroy-equal-heights-69fca44d2c563.vc-row-wrapper.equal-height-columns > .fp-tableCell > .row > .columns {height: auto;}}<\/style>\");})(jQuery);<\/script><\/div><div  class=\"vc-row-wrapper vc_custom_1607439898756\" data-parallax_sense=\"30\"><div class=\"wpb_row row\" >\n\t<div class=\"twelve columns vc-column-extra-class-69fca44d2d705\" data-parallax_sense=\"30\">\n\t\t<div class=\"wpb_wrapper\">\n\t\t\t<div class=\"dfd-spacer-module\"  data-units=\"px\" data-wide_resolution=\"1280\" data-wide_size=\"40\" data-normal_resolution=\"1024\" data-normal_size=\"30\" data-tablet_resolution=\"800\" data-tablet_size=\"20\" data-mobile_resolution=\"480\" data-mobile_size=\"\" style=\"height: 40px;\"><\/div>\n\t<div class=\"wpb_text_column wpb_content_element\" >\n\t\t<div class=\"wpb_wrapper\">\n\t\t\t<p style=\"text-align: center;\"><span style=\"color: #ffffff; font-size: 10pt;\"><a href=\"https:\/\/polonius-coaching.de\/en\/impressum\/\" rel=\"noopener noreferrer\">IMPRESSUM<\/a>\u00a0 \u00a0 <a href=\"https:\/\/polonius-coaching.de\/en\/datenschutz\/\" rel=\"noopener noreferrer\">DATENSCHUTZ<\/a><\/span><\/p>\n\n\t\t<\/div> \n\t<\/div> <div class=\"dfd-spacer-module\"  data-units=\"px\" data-wide_resolution=\"1280\" data-wide_size=\"40\" data-normal_resolution=\"1024\" data-normal_size=\"30\" data-tablet_resolution=\"800\" data-tablet_size=\"20\" data-mobile_resolution=\"480\" data-mobile_size=\"\" style=\"height: 40px;\"><\/div>\n\t\t<\/div> \n\t<\/div> \n<\/div><div class=\"dfd-row-bg-overlay\" style=\"opacity: 0.8;\"><\/div><\/div>","protected":false},"excerpt":{"rendered":"Datenschutz &nbsp; Allgemeine Hinweise Die folgenden Hinweise geben einen einfachen \u00dcberblick dar\u00fcber, was mit Ihren personenbezogenen Daten passiert, wenn Sie unsere Website besuchen. Personenbezogene Daten sind alle Daten, mit denen","protected":false},"author":6,"featured_media":0,"parent":0,"menu_order":0,"comment_status":"closed","ping_status":"closed","template":"page-custom.php","meta":[],"yoast_head":"<!-- This site is optimized with the Yoast SEO plugin v20.6 - https:\/\/yoast.com\/wordpress\/plugins\/seo\/ -->\n<title>Datenschutz - Polonius Coaching<\/title>\n<meta name=\"robots\" content=\"index, follow, max-snippet:-1, max-image-preview:large, max-video-preview:-1\" \/>\n<link rel=\"canonical\" href=\"https:\/\/polonius-coaching.de\/en\/datenschutz-2\" \/>\n<meta property=\"og:locale\" content=\"en_US\" \/>\n<meta property=\"og:type\" content=\"article\" \/>\n<meta property=\"og:title\" content=\"Datenschutz - Polonius Coaching\" \/>\n<meta property=\"og:url\" content=\"https:\/\/polonius-coaching.de\/en\/datenschutz-2\" \/>\n<meta property=\"og:site_name\" content=\"Polonius Coaching\" \/>\n<meta property=\"article:modified_time\" content=\"2020-12-08T15:22:13+00:00\" \/>\n<meta name=\"twitter:card\" content=\"summary_large_image\" \/>\n<meta name=\"twitter:label1\" content=\"Est. reading time\" \/>\n\t<meta name=\"twitter:data1\" content=\"6 minutes\" \/>\n<script type=\"application\/ld+json\" class=\"yoast-schema-graph\">{\"@context\":\"https:\/\/schema.org\",\"@graph\":[{\"@type\":\"WebPage\",\"@id\":\"https:\/\/polonius-coaching.de\/en\/datenschutz-2\",\"url\":\"https:\/\/polonius-coaching.de\/en\/datenschutz-2\",\"name\":\"Datenschutz - Polonius Coaching\",\"isPartOf\":{\"@id\":\"https:\/\/polonius-coaching.de\/#website\"},\"datePublished\":\"2020-12-08T14:47:38+00:00\",\"dateModified\":\"2020-12-08T15:22:13+00:00\",\"breadcrumb\":{\"@id\":\"https:\/\/polonius-coaching.de\/en\/datenschutz-2#breadcrumb\"},\"inLanguage\":\"en-US\",\"potentialAction\":[{\"@type\":\"ReadAction\",\"target\":[\"https:\/\/polonius-coaching.de\/en\/datenschutz-2\"]}]},{\"@type\":\"BreadcrumbList\",\"@id\":\"https:\/\/polonius-coaching.de\/en\/datenschutz-2#breadcrumb\",\"itemListElement\":[{\"@type\":\"ListItem\",\"position\":1,\"name\":\"Startseite\",\"item\":\"https:\/\/polonius-coaching.de\/\"},{\"@type\":\"ListItem\",\"position\":2,\"name\":\"Datenschutz\"}]},{\"@type\":\"WebSite\",\"@id\":\"https:\/\/polonius-coaching.de\/#website\",\"url\":\"https:\/\/polonius-coaching.de\/\",\"name\":\"Polonius Coaching\",\"description\":\"Business Team-Coaching &amp; Personal Life-Coaching\",\"publisher\":{\"@id\":\"https:\/\/polonius-coaching.de\/#organization\"},\"potentialAction\":[{\"@type\":\"SearchAction\",\"target\":{\"@type\":\"EntryPoint\",\"urlTemplate\":\"https:\/\/polonius-coaching.de\/?s={search_term_string}\"},\"query-input\":\"required name=search_term_string\"}],\"inLanguage\":\"en-US\"},{\"@type\":\"Organization\",\"@id\":\"https:\/\/polonius-coaching.de\/#organization\",\"name\":\"Polonius Coaching\",\"url\":\"https:\/\/polonius-coaching.de\/\",\"logo\":{\"@type\":\"ImageObject\",\"inLanguage\":\"en-US\",\"@id\":\"https:\/\/polonius-coaching.de\/#\/schema\/logo\/image\/\",\"url\":\"https:\/\/polonius-coaching.de\/wp-content\/uploads\/2019\/06\/Logo-comingsoon.png\",\"contentUrl\":\"https:\/\/polonius-coaching.de\/wp-content\/uploads\/2019\/06\/Logo-comingsoon.png\",\"width\":400,\"height\":280,\"caption\":\"Polonius Coaching\"},\"image\":{\"@id\":\"https:\/\/polonius-coaching.de\/#\/schema\/logo\/image\/\"}}]}<\/script>\n<!-- \/ Yoast SEO plugin. -->","yoast_head_json":{"title":"Datenschutz - Polonius Coaching","robots":{"index":"index","follow":"follow","max-snippet":"max-snippet:-1","max-image-preview":"max-image-preview:large","max-video-preview":"max-video-preview:-1"},"canonical":"https:\/\/polonius-coaching.de\/en\/datenschutz-2","og_locale":"en_US","og_type":"article","og_title":"Datenschutz - Polonius Coaching","og_url":"https:\/\/polonius-coaching.de\/en\/datenschutz-2","og_site_name":"Polonius Coaching","article_modified_time":"2020-12-08T15:22:13+00:00","twitter_card":"summary_large_image","twitter_misc":{"Est. reading time":"6 minutes"},"schema":{"@context":"https:\/\/schema.org","@graph":[{"@type":"WebPage","@id":"https:\/\/polonius-coaching.de\/en\/datenschutz-2","url":"https:\/\/polonius-coaching.de\/en\/datenschutz-2","name":"Datenschutz - Polonius Coaching","isPartOf":{"@id":"https:\/\/polonius-coaching.de\/#website"},"datePublished":"2020-12-08T14:47:38+00:00","dateModified":"2020-12-08T15:22:13+00:00","breadcrumb":{"@id":"https:\/\/polonius-coaching.de\/en\/datenschutz-2#breadcrumb"},"inLanguage":"en-US","potentialAction":[{"@type":"ReadAction","target":["https:\/\/polonius-coaching.de\/en\/datenschutz-2"]}]},{"@type":"BreadcrumbList","@id":"https:\/\/polonius-coaching.de\/en\/datenschutz-2#breadcrumb","itemListElement":[{"@type":"ListItem","position":1,"name":"Startseite","item":"https:\/\/polonius-coaching.de\/"},{"@type":"ListItem","position":2,"name":"Datenschutz"}]},{"@type":"WebSite","@id":"https:\/\/polonius-coaching.de\/#website","url":"https:\/\/polonius-coaching.de\/","name":"Polonius Coaching","description":"Business Team-Coaching &amp; Personal Life-Coaching","publisher":{"@id":"https:\/\/polonius-coaching.de\/#organization"},"potentialAction":[{"@type":"SearchAction","target":{"@type":"EntryPoint","urlTemplate":"https:\/\/polonius-coaching.de\/?s={search_term_string}"},"query-input":"required name=search_term_string"}],"inLanguage":"en-US"},{"@type":"Organization","@id":"https:\/\/polonius-coaching.de\/#organization","name":"Polonius Coaching","url":"https:\/\/polonius-coaching.de\/","logo":{"@type":"ImageObject","inLanguage":"en-US","@id":"https:\/\/polonius-coaching.de\/#\/schema\/logo\/image\/","url":"https:\/\/polonius-coaching.de\/wp-content\/uploads\/2019\/06\/Logo-comingsoon.png","contentUrl":"https:\/\/polonius-coaching.de\/wp-content\/uploads\/2019\/06\/Logo-comingsoon.png","width":400,"height":280,"caption":"Polonius Coaching"},"image":{"@id":"https:\/\/polonius-coaching.de\/#\/schema\/logo\/image\/"}}]}},"_links":{"self":[{"href":"https:\/\/polonius-coaching.de\/en\/wp-json\/wp\/v2\/pages\/473"}],"collection":[{"href":"https:\/\/polonius-coaching.de\/en\/wp-json\/wp\/v2\/pages"}],"about":[{"href":"https:\/\/polonius-coaching.de\/en\/wp-json\/wp\/v2\/types\/page"}],"author":[{"embeddable":true,"href":"https:\/\/polonius-coaching.de\/en\/wp-json\/wp\/v2\/users\/6"}],"replies":[{"embeddable":true,"href":"https:\/\/polonius-coaching.de\/en\/wp-json\/wp\/v2\/comments?post=473"}],"version-history":[{"count":11,"href":"https:\/\/polonius-coaching.de\/en\/wp-json\/wp\/v2\/pages\/473\/revisions"}],"predecessor-version":[{"id":493,"href":"https:\/\/polonius-coaching.de\/en\/wp-json\/wp\/v2\/pages\/473\/revisions\/493"}],"wp:attachment":[{"href":"https:\/\/polonius-coaching.de\/en\/wp-json\/wp\/v2\/media?parent=473"}],"curies":[{"name":"wp","href":"https:\/\/api.w.org\/{rel}","templated":true}]}}